{"id":608,"date":"2019-10-11T17:58:49","date_gmt":"2019-10-11T17:58:49","guid":{"rendered":"https:\/\/interac1.wpengine.com\/pour-les-entreprises\/"},"modified":"2025-02-12T15:24:51","modified_gmt":"2025-02-12T20:24:51","slug":"entreprise","status":"publish","type":"page","link":"https:\/\/stage.interac.ca\/fr\/entreprise\/","title":{"rendered":"Entreprises"},"content":{"rendered":"<section id=\"t1t2-heroblock_5dd9ecc27e58b\" class=\"block-t1t2-hero\" style=\"margin-top: px; margin-bottom: px;\">\n<style>\n    #t1t2-heroblock_5dd9ecc27e58b.block-t1t2-hero .hero-image {\n        background-position: center;\n        background-size: cover;\n    }\n    \n    \n<\/style>\n    <div class=\"grid-container  animated fadeIn\">\n        <div class=\"grid-x\">\n            <div class=\"cell small-12\">\n                <div class=\"hero-image deskstop-hero lazyload\" style=\"background-image:inherit;\" data-bg-image=\"url(&#039;https:\/\/stage.interac.ca\/wp-content\/smush-webp\/2019\/11\/shutterstock_330141914.jpg.webp&#039;)\"><\/div>\n                                <div class=\"grid-container content-wrap\">\n                    <div class=\"grid-x content-container\" style=\"align-content: ;\">\n                                                <div class=\"cell small-12 medium-11 hero-title medium-offset-1\">\n                            <h1 class=\"animated fadeInUp\" style=\"color:#fff\">Solutions <em>Interac<\/em> pour les entreprises<\/h1>\n                        <\/div>\n                                                                        <div class=\"cell small-12 medium-11 hero-cta fadeInUp medium-offset-1\">\n                                                                                <\/div>\n                    <\/div>\n                <\/div>\n                <div class=\"overlay\"><\/div>\n            <\/div>\n        <\/div>\n    <\/div>   \n    <div class=\"animated fadeIn block-hero_background-ochre\"><\/div>\n<\/section>\n\n\n\n<section id=\"block-icons-text-block_5dda0143a9cb5\" class=\"block-icons-text-no-image\" style=\"margin-top: px; margin-bottom: px; padding-top: px; padding-bottom: px; background-color:;\">\n                    <div class=\"grid-container block-icons-text \">\n            <div class=\"grid-x grid-margin-x grid-padding-x\" data-equalizer data-equalize-on=\"medium\" >\n                                <div class=\"cell align-self-stretch small-12 medium-6\" style=\"background-color:;\" data-equalizer-watch>\n                                                    <div class=\"post-wrap\">\n                                                    <div class=\"post-header grid-x grid-margin-x align-middle\">\n                                                                    <div class=\"cell post-title small-12\"><h3>Avantages pour les entreprises<\/h3><\/div>\n                                                            <\/div>\n                            <div class=\"post-content\">\n                                <p>Explorez les avantages des solutions de paiement Interac<sup>&reg;<\/sup> et la fa\u00e7on dont nous aidons les entreprises de tout le pays \u00e0 prosp\u00e9rer. Pour en savoir plus, cliquez <a href=\"https:\/\/stage.interac.ca\/fr\/entreprise\/fonctionnement\/avantages\/\" aria-label=\"Learn more about the benefits of Interac Payment Solutions\">ici<\/a>.<\/p>\n                                                            <\/div>\n                        <\/div>\n                    <\/div>\n                                <div class=\"cell align-self-stretch small-12 medium-6\" style=\"background-color:;\" data-equalizer-watch>\n                                                    <div class=\"post-wrap\">\n                                                    <div class=\"post-header grid-x grid-margin-x align-middle\">\n                                                                    <div class=\"cell post-title small-12\"><h3>Des solutions de paiement qui fonctionnent<\/h3><\/div>\n                                                            <\/div>\n                            <div class=\"post-content\">\n                                <p>De l\u2019aide aux clients \u00e0 la caisse en passant par la facturation, le suivi et les d\u00e9p\u00f4ts faciles, apprenez-en plus sur nos solutions de paiement <a href=\"https:\/\/stage.interac.ca\/fr\/entreprise\/nos-solutions\/\" aria-label=\"Learn more about our payment solutions\">ici<\/a>.<\/p>\n                                                            <\/div>\n                        <\/div>\n                    <\/div>\n                                <div class=\"cell align-self-stretch small-12 medium-6\" style=\"background-color:;\" data-equalizer-watch>\n                                                    <div class=\"post-wrap\">\n                                                    <div class=\"post-header grid-x grid-margin-x align-middle\">\n                                                                    <div class=\"cell post-title small-12\"><h3>La s\u00e9curit\u00e9 est une priorit\u00e9 <\/h3><\/div>\n                                                            <\/div>\n                            <div class=\"post-content\">\n                                <p>\u00c0 Interac, la s\u00e9curit\u00e9 est fondamentale. D\u00e9couvrez la s\u00e9curit\u00e9 de premier plan de nos solutions <a href=\"https:\/\/stage.interac.ca\/fr\/entreprise\/securite\/\" aria-label=\"Learn More\">ici<\/a>.<\/p>\n                                                            <\/div>\n                        <\/div>\n                    <\/div>\n                                <div class=\"cell align-self-stretch small-12 medium-6\" style=\"background-color:;\" data-equalizer-watch>\n                                                    <div class=\"post-wrap\">\n                                                    <div class=\"post-header grid-x grid-margin-x align-middle\">\n                                                                    <div class=\"cell post-title small-12\"><h3>R\u00e9ponses \u00e0 vos questions<\/h3><\/div>\n                                                            <\/div>\n                            <div class=\"post-content\">\n                                <p>Vous avez une question ou besoin d\u2019aide pour votre entreprise? Consultez notre FAQ et nos ressources de soutien <a href=\"https:\/\/stage.interac.ca\/fr\/entreprise\/soutien\/\" aria-label=\"Go to FAQs\">ici<\/a>.<\/p>\n                                                            <\/div>\n                        <\/div>\n                    <\/div>\n                        <\/div>\n        <\/div>\n    <\/section>\n\n\n\n","protected":false},"excerpt":{"rendered":"","protected":false},"author":1,"featured_media":0,"parent":0,"menu_order":0,"comment_status":"closed","ping_status":"closed","template":"","meta":{"_acf_changed":false,"footnotes":""},"class_list":["post-608","page","type-page","status-publish","hentry"],"acf":[],"yoast_head":"<!-- This site is optimized with the Yoast SEO Premium plugin v27.2 (Yoast SEO v27.2) - https:\/\/yoast.com\/product\/yoast-seo-premium-wordpress\/ -->\n<title>Hissez votre entreprise vers de nouveaux sommets - Business - Interac<\/title>\n<meta name=\"description\" content=\"Interac offre les solutions de paiement pour aider votre entreprise \u00e0 prosp\u00e9rer, des virements en vrac s\u00e9curis\u00e9s aux paiements mobiles rapides. En savoir plus.\" \/>\n<meta name=\"robots\" content=\"noindex, nofollow\" \/>\n<meta property=\"og:locale\" content=\"fr_CA\" \/>\n<meta property=\"og:type\" content=\"article\" \/>\n<meta property=\"og:title\" content=\"Entreprises\" \/>\n<meta property=\"og:url\" content=\"https:\/\/stage.interac.ca\/fr\/entreprise\/\" \/>\n<meta property=\"og:site_name\" content=\"Interac\" \/>\n<meta property=\"article:publisher\" content=\"https:\/\/www.facebook.com\/interac\" \/>\n<meta property=\"article:modified_time\" content=\"2025-02-12T20:24:51+00:00\" \/>\n<meta name=\"twitter:card\" content=\"summary_large_image\" \/>\n<meta name=\"twitter:site\" content=\"@interac\" \/>\n<script type=\"application\/ld+json\" class=\"yoast-schema-graph\">{\"@context\":\"https:\/\/schema.org\",\"@graph\":[{\"@type\":\"WebPage\",\"@id\":\"https:\/\/stage.interac.ca\/fr\/entreprise\/\",\"url\":\"https:\/\/stage.interac.ca\/fr\/entreprise\/\",\"name\":\"Hissez votre entreprise vers de nouveaux sommets - Business - Interac\",\"isPartOf\":{\"@id\":\"https:\/\/stage.interac.ca\/fr\/#website\"},\"datePublished\":\"2019-10-11T17:58:49+00:00\",\"dateModified\":\"2025-02-12T20:24:51+00:00\",\"description\":\"Interac offre les solutions de paiement pour aider votre entreprise \u00e0 prosp\u00e9rer, des virements en vrac s\u00e9curis\u00e9s aux paiements mobiles rapides. En savoir plus.\",\"breadcrumb\":{\"@id\":\"https:\/\/stage.interac.ca\/fr\/entreprise\/#breadcrumb\"},\"inLanguage\":\"fr-CA\",\"potentialAction\":[{\"@type\":\"ReadAction\",\"target\":[\"https:\/\/stage.interac.ca\/fr\/entreprise\/\"]}]},{\"@type\":\"BreadcrumbList\",\"@id\":\"https:\/\/stage.interac.ca\/fr\/entreprise\/#breadcrumb\",\"itemListElement\":[{\"@type\":\"ListItem\",\"position\":1,\"name\":\"Accueil\",\"item\":\"https:\/\/stage.interac.ca\/fr\/\"},{\"@type\":\"ListItem\",\"position\":2,\"name\":\"Entreprises\"}]},{\"@type\":\"WebSite\",\"@id\":\"https:\/\/stage.interac.ca\/fr\/#website\",\"url\":\"https:\/\/stage.interac.ca\/fr\/\",\"name\":\"Interac\",\"description\":\"\",\"publisher\":{\"@id\":\"https:\/\/stage.interac.ca\/fr\/#organization\"},\"potentialAction\":[{\"@type\":\"SearchAction\",\"target\":{\"@type\":\"EntryPoint\",\"urlTemplate\":\"https:\/\/stage.interac.ca\/fr\/?s={search_term_string}\"},\"query-input\":{\"@type\":\"PropertyValueSpecification\",\"valueRequired\":true,\"valueName\":\"search_term_string\"}}],\"inLanguage\":\"fr-CA\"},{\"@type\":\"Organization\",\"@id\":\"https:\/\/stage.interac.ca\/fr\/#organization\",\"name\":\"Interac Corp.\",\"url\":\"https:\/\/stage.interac.ca\/fr\/\",\"logo\":{\"@type\":\"ImageObject\",\"inLanguage\":\"fr-CA\",\"@id\":\"https:\/\/stage.interac.ca\/fr\/#\/schema\/logo\/image\/\",\"url\":\"https:\/\/stage.interac.ca\/wp-content\/uploads\/2022\/03\/Interac_Two-Colour_RGB.png\",\"contentUrl\":\"https:\/\/stage.interac.ca\/wp-content\/uploads\/2022\/03\/Interac_Two-Colour_RGB.png\",\"width\":2210,\"height\":2210,\"caption\":\"Interac Corp.\"},\"image\":{\"@id\":\"https:\/\/stage.interac.ca\/fr\/#\/schema\/logo\/image\/\"},\"sameAs\":[\"https:\/\/www.facebook.com\/interac\",\"https:\/\/x.com\/interac\",\"https:\/\/www.instagram.com\/interac\/\",\"https:\/\/www.linkedin.com\/company\/interac-corp\/\",\"https:\/\/www.youtube.com\/user\/InteracBrand\"]}]}<\/script>\n<!-- \/ Yoast SEO Premium plugin. -->","yoast_head_json":{"title":"Hissez votre entreprise vers de nouveaux sommets - Business - Interac","description":"Interac offre les solutions de paiement pour aider votre entreprise \u00e0 prosp\u00e9rer, des virements en vrac s\u00e9curis\u00e9s aux paiements mobiles rapides. En savoir plus.","robots":{"index":"noindex","follow":"nofollow"},"og_locale":"fr_CA","og_type":"article","og_title":"Entreprises","og_url":"https:\/\/stage.interac.ca\/fr\/entreprise\/","og_site_name":"Interac","article_publisher":"https:\/\/www.facebook.com\/interac","article_modified_time":"2025-02-12T20:24:51+00:00","twitter_card":"summary_large_image","twitter_site":"@interac","schema":{"@context":"https:\/\/schema.org","@graph":[{"@type":"WebPage","@id":"https:\/\/stage.interac.ca\/fr\/entreprise\/","url":"https:\/\/stage.interac.ca\/fr\/entreprise\/","name":"Hissez votre entreprise vers de nouveaux sommets - Business - Interac","isPartOf":{"@id":"https:\/\/stage.interac.ca\/fr\/#website"},"datePublished":"2019-10-11T17:58:49+00:00","dateModified":"2025-02-12T20:24:51+00:00","description":"Interac offre les solutions de paiement pour aider votre entreprise \u00e0 prosp\u00e9rer, des virements en vrac s\u00e9curis\u00e9s aux paiements mobiles rapides. En savoir plus.","breadcrumb":{"@id":"https:\/\/stage.interac.ca\/fr\/entreprise\/#breadcrumb"},"inLanguage":"fr-CA","potentialAction":[{"@type":"ReadAction","target":["https:\/\/stage.interac.ca\/fr\/entreprise\/"]}]},{"@type":"BreadcrumbList","@id":"https:\/\/stage.interac.ca\/fr\/entreprise\/#breadcrumb","itemListElement":[{"@type":"ListItem","position":1,"name":"Accueil","item":"https:\/\/stage.interac.ca\/fr\/"},{"@type":"ListItem","position":2,"name":"Entreprises"}]},{"@type":"WebSite","@id":"https:\/\/stage.interac.ca\/fr\/#website","url":"https:\/\/stage.interac.ca\/fr\/","name":"Interac","description":"","publisher":{"@id":"https:\/\/stage.interac.ca\/fr\/#organization"},"potentialAction":[{"@type":"SearchAction","target":{"@type":"EntryPoint","urlTemplate":"https:\/\/stage.interac.ca\/fr\/?s={search_term_string}"},"query-input":{"@type":"PropertyValueSpecification","valueRequired":true,"valueName":"search_term_string"}}],"inLanguage":"fr-CA"},{"@type":"Organization","@id":"https:\/\/stage.interac.ca\/fr\/#organization","name":"Interac Corp.","url":"https:\/\/stage.interac.ca\/fr\/","logo":{"@type":"ImageObject","inLanguage":"fr-CA","@id":"https:\/\/stage.interac.ca\/fr\/#\/schema\/logo\/image\/","url":"https:\/\/stage.interac.ca\/wp-content\/uploads\/2022\/03\/Interac_Two-Colour_RGB.png","contentUrl":"https:\/\/stage.interac.ca\/wp-content\/uploads\/2022\/03\/Interac_Two-Colour_RGB.png","width":2210,"height":2210,"caption":"Interac Corp."},"image":{"@id":"https:\/\/stage.interac.ca\/fr\/#\/schema\/logo\/image\/"},"sameAs":["https:\/\/www.facebook.com\/interac","https:\/\/x.com\/interac","https:\/\/www.instagram.com\/interac\/","https:\/\/www.linkedin.com\/company\/interac-corp\/","https:\/\/www.youtube.com\/user\/InteracBrand"]}]}},"featured_image_src":"https:\/\/stage.interac.ca\/wp-includes\/images\/media\/default.svg","_links":{"self":[{"href":"https:\/\/stage.interac.ca\/fr\/wp-json\/wp\/v2\/pages\/608","targetHints":{"allow":["GET"]}}],"collection":[{"href":"https:\/\/stage.interac.ca\/fr\/wp-json\/wp\/v2\/pages"}],"about":[{"href":"https:\/\/stage.interac.ca\/fr\/wp-json\/wp\/v2\/types\/page"}],"author":[{"embeddable":true,"href":"https:\/\/stage.interac.ca\/fr\/wp-json\/wp\/v2\/users\/1"}],"replies":[{"embeddable":true,"href":"https:\/\/stage.interac.ca\/fr\/wp-json\/wp\/v2\/comments?post=608"}],"version-history":[{"count":0,"href":"https:\/\/stage.interac.ca\/fr\/wp-json\/wp\/v2\/pages\/608\/revisions"}],"wp:attachment":[{"href":"https:\/\/stage.interac.ca\/fr\/wp-json\/wp\/v2\/media?parent=608"}],"curies":[{"name":"wp","href":"https:\/\/api.w.org\/{rel}","templated":true}]}}